{"id":19167,"date":"2024-10-02T10:03:43","date_gmt":"2024-10-02T08:03:43","guid":{"rendered":"https:\/\/penalex.kinsta.cloud\/sylvie-batista\/"},"modified":"2024-10-02T10:12:46","modified_gmt":"2024-10-02T08:12:46","slug":"sylvie-batista","status":"publish","type":"page","link":"https:\/\/penalex.ch\/en\/team\/sylvie-batista\/","title":{"rendered":"Cindy Batista"},"content":{"rendered":"\n  <div id=\"page-header-2063669531\" class=\"page-header-wrapper\">\n  <div class=\"page-title dark featured-title\">\n\n    \n    <div class=\"page-title-inner container align-center flex-row medium-flex-wrap\" >\n              <div class=\"title-wrapper flex-col text-left medium-text-center\">\n          <h1 class=\"entry-title mb-0\">\n            Cindy Batista          <\/h1>\n        <\/div>\n                    <div class=\"title-content flex-col flex-right text-right medium-text-center\">\n        <div class=\"title-share pt-half pb-half\"><div class=\"social-icons share-icons share-row relative icon-style-outline\" ><a href=\"whatsapp:\/\/send?text=Cindy%20Batista - https:\/\/penalex.ch\/en\/team\/sylvie-batista\/\" data-action=\"share\/whatsapp\/share\" class=\"icon button circle is-outline tooltip whatsapp show-for-medium\" title=\"Share on WhatsApp\" aria-label=\"Share on WhatsApp\"><i class=\"icon-whatsapp\" aria-hidden=\"true\"><\/i><\/a><a href=\"https:\/\/www.facebook.com\/sharer.php?u=https:\/\/penalex.ch\/en\/team\/sylvie-batista\/\" data-label=\"Facebook\" onclick=\"window.open(this.href,this.title,'width=500,height=500,top=300px,left=300px'); return false;\" target=\"_blank\" class=\"icon button circle is-outline tooltip facebook\" title=\"Share on Facebook\" aria-label=\"Share on Facebook\" rel=\"noopener nofollow\"><i class=\"icon-facebook\" aria-hidden=\"true\"><\/i><\/a><a href=\"https:\/\/twitter.com\/share?url=https:\/\/penalex.ch\/en\/team\/sylvie-batista\/\" onclick=\"window.open(this.href,this.title,'width=500,height=500,top=300px,left=300px'); return false;\" target=\"_blank\" class=\"icon button circle is-outline tooltip twitter\" title=\"Share on Twitter\" aria-label=\"Share on Twitter\" rel=\"noopener nofollow\"><i class=\"icon-twitter\" aria-hidden=\"true\"><\/i><\/a><a href=\"mailto:?subject=Cindy%20Batista&body=Check%20this%20out%3A%20https%3A%2F%2Fpenalex.ch%2Fen%2Fteam%2Fsylvie-batista%2F\" class=\"icon button circle is-outline tooltip email\" title=\"Email to a Friend\" aria-label=\"Email to a Friend\" rel=\"nofollow\"><i class=\"icon-envelop\" aria-hidden=\"true\"><\/i><\/a><a href=\"https:\/\/www.linkedin.com\/shareArticle?mini=true&url=https:\/\/penalex.ch\/en\/team\/sylvie-batista\/&title=Cindy%20Batista\" onclick=\"window.open(this.href,this.title,'width=500,height=500,top=300px,left=300px'); return false;\" target=\"_blank\" class=\"icon button circle is-outline tooltip linkedin\" title=\"Share on LinkedIn\" aria-label=\"Share on LinkedIn\" rel=\"noopener nofollow\"><i class=\"icon-linkedin\" aria-hidden=\"true\"><\/i><\/a><a href=\"https:\/\/telegram.me\/share\/url?url=https:\/\/penalex.ch\/en\/team\/sylvie-batista\/\" onclick=\"window.open(this.href,this.title,'width=500,height=500,top=300px,left=300px'); return false;\" target=\"_blank\" class=\"icon button circle is-outline tooltip telegram\" title=\"Share on Telegram\" aria-label=\"Share on Telegram\" rel=\"noopener nofollow\"><i class=\"icon-telegram\" aria-hidden=\"true\"><\/i><\/a><\/div><\/div>      <\/div>\n    <\/div>\n\n       <\/div>\n    <\/div>\n  \n\n\n\t<section class=\"section\" id=\"section_793742614\">\n\t\t<div class=\"section-bg fill\" >\n\t\t\t\t\t\t\t\t\t\n\t\t\t\n\n\t\t<\/div>\n\n\t\t\n\n\t\t<div class=\"section-content relative\">\n\t\t\t\n\n<div class=\"row\"  id=\"row-187618812\">\n\n\n\t<div id=\"col-661929167\" class=\"col medium-4 small-12 large-4\"  >\n\t\t\t\t<div class=\"col-inner\" style=\"background-color:rgb(248, 248, 248);\" >\n\t\t\t\n\t\t\t\n\n\t<div class=\"box has-hover   has-hover box-text-bottom\" >\n\n\t\t<div class=\"box-image\" >\n\t\t\t\t\t\t<div class=\"\" >\n\t\t\t\t<img loading=\"lazy\" decoding=\"async\" width=\"2560\" height=\"2560\" src=\"https:\/\/penalex.ch\/wp-content\/uploads\/2024\/10\/Penalex_2024-056_ppcarre-scaled.jpg\" class=\"attachment- size-\" alt=\"\" srcset=\"https:\/\/penalex.ch\/wp-content\/uploads\/2024\/10\/Penalex_2024-056_ppcarre-scaled.jpg 2560w, https:\/\/penalex.ch\/wp-content\/uploads\/2024\/10\/Penalex_2024-056_ppcarre-400x400.jpg 400w, https:\/\/penalex.ch\/wp-content\/uploads\/2024\/10\/Penalex_2024-056_ppcarre-800x800.jpg 800w, https:\/\/penalex.ch\/wp-content\/uploads\/2024\/10\/Penalex_2024-056_ppcarre-280x280.jpg 280w, https:\/\/penalex.ch\/wp-content\/uploads\/2024\/10\/Penalex_2024-056_ppcarre-768x768.jpg 768w, https:\/\/penalex.ch\/wp-content\/uploads\/2024\/10\/Penalex_2024-056_ppcarre-1536x1536.jpg 1536w, https:\/\/penalex.ch\/wp-content\/uploads\/2024\/10\/Penalex_2024-056_ppcarre-2048x2048.jpg 2048w, https:\/\/penalex.ch\/wp-content\/uploads\/2024\/10\/Penalex_2024-056_ppcarre-510x510.jpg 510w, https:\/\/penalex.ch\/wp-content\/uploads\/2024\/10\/Penalex_2024-056_ppcarre-100x100.jpg 100w\" sizes=\"auto, (max-width: 2560px) 100vw, 2560px\" \/>\t\t\t\t\t\t\t\t\t\t\t<\/div>\n\t\t\t\t\t<\/div>\n\n\t\t<div class=\"box-text text-center\" >\n\t\t\t<div class=\"box-text-inner\">\n\t\t\t\t\n\n<h4><strong>Ms Cindy Batista<\/strong><br>Legal assistant<\/h4>\n\n\t\t\t<\/div>\n\t\t<\/div>\n\t<\/div>\n\t\n\n  \n    <div class=\"row large-columns-3 medium-columns- small-columns-3 row-small\" >\n  <div class=\"gallery-col col\" >\n          <div class=\"col-inner\">\n            <a class=\"image-lightbox lightbox-gallery\" href=\"https:\/\/penalex.ch\/wp-content\/uploads\/2024\/10\/Penalex_2024-051_ppcarre-800x800.jpg\" title=\"\">            <div class=\"box has-hover gallery-box box-overlay dark\">\n              <div class=\"box-image\" >\n                <img loading=\"lazy\" decoding=\"async\" width=\"400\" height=\"400\" src=\"https:\/\/penalex.ch\/wp-content\/uploads\/2024\/10\/Penalex_2024-051_ppcarre-400x400.jpg\" class=\"attachment-medium size-medium\" alt=\"\" ids=\"19159\" col_spacing=\"small\" columns=\"3\" columns__sm=\"3\" srcset=\"https:\/\/penalex.ch\/wp-content\/uploads\/2024\/10\/Penalex_2024-051_ppcarre-400x400.jpg 400w, https:\/\/penalex.ch\/wp-content\/uploads\/2024\/10\/Penalex_2024-051_ppcarre-800x800.jpg 800w, https:\/\/penalex.ch\/wp-content\/uploads\/2024\/10\/Penalex_2024-051_ppcarre-280x280.jpg 280w, https:\/\/penalex.ch\/wp-content\/uploads\/2024\/10\/Penalex_2024-051_ppcarre-768x768.jpg 768w, https:\/\/penalex.ch\/wp-content\/uploads\/2024\/10\/Penalex_2024-051_ppcarre-1536x1536.jpg 1536w, https:\/\/penalex.ch\/wp-content\/uploads\/2024\/10\/Penalex_2024-051_ppcarre-2048x2048.jpg 2048w, https:\/\/penalex.ch\/wp-content\/uploads\/2024\/10\/Penalex_2024-051_ppcarre-510x510.jpg 510w, https:\/\/penalex.ch\/wp-content\/uploads\/2024\/10\/Penalex_2024-051_ppcarre-100x100.jpg 100w\" sizes=\"auto, (max-width: 400px) 100vw, 400px\" \/>                                  <div class=\"overlay fill\"\n                      style=\"background-color: rgba(0,0,0,.15)\">\n                  <\/div>\n                                                              <\/div>\n              <div class=\"box-text text-left\" >\n                 <p><\/p>\n              <\/div>\n            <\/div>\n            <\/a>          <\/div>\n         <\/div><\/div>\n\n<section class=\"av_textblock_section \">\n<div class=\"avia_textblock \">\n<p><strong>Languages:<\/strong><br>French, English, German<\/p>\n<\/div>\n<\/section>\n<div class=\"social-icons follow-icons\" ><a href=\"mailto:lavanchy@penalex.ch\" data-label=\"E-mail\" target=\"_blank\" class=\"icon button circle is-outline tooltip email\" title=\"Send us an email\" aria-label=\"Send us an email\" rel=\"nofollow noopener\"><i class=\"icon-envelop\" aria-hidden=\"true\"><\/i><\/a><a href=\"tel:+41219253090\" data-label=\"Phone\" target=\"_blank\" class=\"icon button circle is-outline tooltip phone\" title=\"Call us\" aria-label=\"Call us\" rel=\"nofollow noopener\"><i class=\"icon-phone\" aria-hidden=\"true\"><\/i><\/a><\/div>\n\n\n\t\t<\/div>\n\t\t\t\t\n<style>\n#col-661929167 > .col-inner {\n  padding: 20px 20px 20px 20px;\n}\n<\/style>\n\t<\/div>\n\n\t\n\n\t<div id=\"col-1889052224\" class=\"col medium-8 small-12 large-8\"  >\n\t\t\t\t<div class=\"col-inner\" style=\"background-color:rgb(248, 248, 248);\" >\n\t\t\t\n\t\t\t\n\n<p><strong>Legal assistant<\/strong><\/p>\n<div class=\"accordion\">\n\n\t<div id=\"accordion-3133673263\" class=\"accordion-item\">\n\t\t<a id=\"accordion-3133673263-label\" class=\"accordion-title plain\" href=\"#accordion-item-training\" aria-expanded=\"false\" aria-controls=\"accordion-3133673263-content\">\n\t\t\t<button class=\"toggle\" aria-label=\"Toggle\"><i class=\"icon-angle-down\" aria-hidden=\"true\"><\/i><\/button>\n\t\t\t<span>Training<\/span>\n\t\t<\/a>\n\t\t<div id=\"accordion-3133673263-content\" class=\"accordion-inner\" aria-labelledby=\"accordion-3133673263-label\">\n\t\t\t\n\n<ul class=\"ul1\">\n<li class=\"li1\">Baccalaureate &#8211; Matura certificate<\/li>\n<li class=\"li1\">Certificat f\u00e9d\u00e9ral de capacit\u00e9 d&#8217;employ\u00e9e de commerce &#8211; vocational maturity certificate<\/li>\n<li class=\"li1\">Personnel management assistant certificate (HRSE)<\/li>\n<li class=\"li1\">Certificate of generalist in social insurance (AVEAS)<\/li>\n<li class=\"li1\">Corporate trainer<\/li>\n<\/ul>\n\n\t\t<\/div>\n\t<\/div>\n\t\n\t<div id=\"accordion-722734167\" class=\"accordion-item\">\n\t\t<a id=\"accordion-722734167-label\" class=\"accordion-title plain\" href=\"#accordion-item-professional-experience\" aria-expanded=\"false\" aria-controls=\"accordion-722734167-content\">\n\t\t\t<button class=\"toggle\" aria-label=\"Toggle\"><i class=\"icon-angle-down\" aria-hidden=\"true\"><\/i><\/button>\n\t\t\t<span>Professional experience<\/span>\n\t\t<\/a>\n\t\t<div id=\"accordion-722734167-content\" class=\"accordion-inner\" aria-labelledby=\"accordion-722734167-label\">\n\t\t\t\n\n<ul class=\"ul1\">\n<li class=\"li1\">Administrative assistant, Python, May 2011 to December 2021<\/li>\n<li class=\"li1\">Administrative assistant, Bourgeois Avocats SA, January 2022 to April 2024<\/li>\n<li class=\"li1\">Legal and administrative assistant, Penalex Avocats SA, from May 2024<\/li>\n<\/ul>\n\n\t\t<\/div>\n\t<\/div>\n\t\n\n<\/div>\n\n\t\t<\/div>\n\t\t\t\t\n<style>\n#col-1889052224 > .col-inner {\n  padding: 20px 20px 20px 20px;\n}\n<\/style>\n\t<\/div>\n\n\t\n\n<\/div>\n\n\t\t<\/div>\n\n\t\t\n<style>\n#section_793742614 {\n  padding-top: 30px;\n  padding-bottom: 30px;\n}\n<\/style>\n\t<\/section>\n\t\n","protected":false},"excerpt":{"rendered":"","protected":false},"author":421,"featured_media":0,"parent":17008,"menu_order":0,"comment_status":"closed","ping_status":"closed","template":"page-blank.php","meta":{"inline_featured_image":false,"footnotes":""},"class_list":["post-19167","page","type-page","status-publish","hentry"],"_links":{"self":[{"href":"https:\/\/penalex.ch\/en\/wp-json\/wp\/v2\/pages\/19167","targetHints":{"allow":["GET"]}}],"collection":[{"href":"https:\/\/penalex.ch\/en\/wp-json\/wp\/v2\/pages"}],"about":[{"href":"https:\/\/penalex.ch\/en\/wp-json\/wp\/v2\/types\/page"}],"author":[{"embeddable":true,"href":"https:\/\/penalex.ch\/en\/wp-json\/wp\/v2\/users\/421"}],"replies":[{"embeddable":true,"href":"https:\/\/penalex.ch\/en\/wp-json\/wp\/v2\/comments?post=19167"}],"version-history":[{"count":5,"href":"https:\/\/penalex.ch\/en\/wp-json\/wp\/v2\/pages\/19167\/revisions"}],"predecessor-version":[{"id":19179,"href":"https:\/\/penalex.ch\/en\/wp-json\/wp\/v2\/pages\/19167\/revisions\/19179"}],"up":[{"embeddable":true,"href":"https:\/\/penalex.ch\/en\/wp-json\/wp\/v2\/pages\/17008"}],"wp:attachment":[{"href":"https:\/\/penalex.ch\/en\/wp-json\/wp\/v2\/media?parent=19167"}],"curies":[{"name":"wp","href":"https:\/\/api.w.org\/{rel}","templated":true}]}}