{"id":17188,"date":"2022-04-30T22:24:05","date_gmt":"2022-04-30T20:24:05","guid":{"rendered":"https:\/\/penalex.kinsta.cloud\/team\/me-marc-silvant\/"},"modified":"2024-01-26T00:13:21","modified_gmt":"2024-01-25T23:13:21","slug":"me-marc-silvant","status":"publish","type":"page","link":"https:\/\/penalex.ch\/en\/team\/me-marc-silvant\/","title":{"rendered":"Me Marc Silvant"},"content":{"rendered":"\n  <div id=\"page-header-378309954\" class=\"page-header-wrapper\">\n  <div class=\"page-title dark featured-title\">\n\n    \n    <div class=\"page-title-inner container align-center flex-row medium-flex-wrap\" >\n              <div class=\"title-wrapper flex-col text-left medium-text-center\">\n          <h1 class=\"entry-title mb-0\">\n            Me Marc Silvant          <\/h1>\n        <\/div>\n                    <div class=\"title-content flex-col flex-right text-right medium-text-center\">\n        <div class=\"title-share pt-half pb-half\"><div class=\"social-icons share-icons share-row relative icon-style-outline\" ><a href=\"whatsapp:\/\/send?text=Me%20Marc%20Silvant - https:\/\/penalex.ch\/en\/team\/me-marc-silvant\/\" data-action=\"share\/whatsapp\/share\" class=\"icon button circle is-outline tooltip whatsapp show-for-medium\" title=\"Share on WhatsApp\" aria-label=\"Share on WhatsApp\"><i class=\"icon-whatsapp\" aria-hidden=\"true\"><\/i><\/a><a href=\"https:\/\/www.facebook.com\/sharer.php?u=https:\/\/penalex.ch\/en\/team\/me-marc-silvant\/\" data-label=\"Facebook\" onclick=\"window.open(this.href,this.title,'width=500,height=500,top=300px,left=300px'); return false;\" target=\"_blank\" class=\"icon button circle is-outline tooltip facebook\" title=\"Share on Facebook\" aria-label=\"Share on Facebook\" rel=\"noopener nofollow\"><i class=\"icon-facebook\" aria-hidden=\"true\"><\/i><\/a><a href=\"https:\/\/twitter.com\/share?url=https:\/\/penalex.ch\/en\/team\/me-marc-silvant\/\" onclick=\"window.open(this.href,this.title,'width=500,height=500,top=300px,left=300px'); return false;\" target=\"_blank\" class=\"icon button circle is-outline tooltip twitter\" title=\"Share on Twitter\" aria-label=\"Share on Twitter\" rel=\"noopener nofollow\"><i class=\"icon-twitter\" aria-hidden=\"true\"><\/i><\/a><a href=\"mailto:?subject=Me%20Marc%20Silvant&body=Check%20this%20out%3A%20https%3A%2F%2Fpenalex.ch%2Fen%2Fteam%2Fme-marc-silvant%2F\" class=\"icon button circle is-outline tooltip email\" title=\"Email to a Friend\" aria-label=\"Email to a Friend\" rel=\"nofollow\"><i class=\"icon-envelop\" aria-hidden=\"true\"><\/i><\/a><a href=\"https:\/\/www.linkedin.com\/shareArticle?mini=true&url=https:\/\/penalex.ch\/en\/team\/me-marc-silvant\/&title=Me%20Marc%20Silvant\" onclick=\"window.open(this.href,this.title,'width=500,height=500,top=300px,left=300px'); return false;\" target=\"_blank\" class=\"icon button circle is-outline tooltip linkedin\" title=\"Share on LinkedIn\" aria-label=\"Share on LinkedIn\" rel=\"noopener nofollow\"><i class=\"icon-linkedin\" aria-hidden=\"true\"><\/i><\/a><a href=\"https:\/\/telegram.me\/share\/url?url=https:\/\/penalex.ch\/en\/team\/me-marc-silvant\/\" onclick=\"window.open(this.href,this.title,'width=500,height=500,top=300px,left=300px'); return false;\" target=\"_blank\" class=\"icon button circle is-outline tooltip telegram\" title=\"Share on Telegram\" aria-label=\"Share on Telegram\" rel=\"noopener nofollow\"><i class=\"icon-telegram\" aria-hidden=\"true\"><\/i><\/a><\/div><\/div>      <\/div>\n    <\/div>\n\n       <\/div>\n    <\/div>\n  \n\n\n\t<section class=\"section\" id=\"section_1644307078\">\n\t\t<div class=\"section-bg fill\" >\n\t\t\t\t\t\t\t\t\t\n\t\t\t\n\n\t\t<\/div>\n\n\t\t\n\n\t\t<div class=\"section-content relative\">\n\t\t\t\n\n<div class=\"row\"  id=\"row-894963454\">\n\n\n\t<div id=\"col-1015478069\" class=\"col medium-4 small-12 large-4\"  >\n\t\t\t\t<div class=\"col-inner\" style=\"background-color:rgb(248, 248, 248);\" >\n\t\t\t\n\t\t\t\n\n\t<div class=\"box has-hover   has-hover box-text-bottom\" >\n\n\t\t<div class=\"box-image\" >\n\t\t\t\t\t\t<div class=\"\" >\n\t\t\t\t<img loading=\"lazy\" decoding=\"async\" width=\"2560\" height=\"2560\" src=\"https:\/\/penalex.ch\/wp-content\/uploads\/2021\/08\/Penalex_2021-016_pp-carre-scaled.jpg\" class=\"attachment- size-\" alt=\"\" srcset=\"https:\/\/penalex.ch\/wp-content\/uploads\/2021\/08\/Penalex_2021-016_pp-carre-scaled.jpg 2560w, https:\/\/penalex.ch\/wp-content\/uploads\/2021\/08\/Penalex_2021-016_pp-carre-scaled-100x100.jpg 100w, https:\/\/penalex.ch\/wp-content\/uploads\/2021\/08\/Penalex_2021-016_pp-carre-scaled-510x510.jpg 510w, https:\/\/penalex.ch\/wp-content\/uploads\/2021\/08\/Penalex_2021-016_pp-carre-300x300.jpg 300w, https:\/\/penalex.ch\/wp-content\/uploads\/2021\/08\/Penalex_2021-016_pp-carre-1030x1030.jpg 1030w, https:\/\/penalex.ch\/wp-content\/uploads\/2021\/08\/Penalex_2021-016_pp-carre-80x80.jpg 80w, https:\/\/penalex.ch\/wp-content\/uploads\/2021\/08\/Penalex_2021-016_pp-carre-768x768.jpg 768w, https:\/\/penalex.ch\/wp-content\/uploads\/2021\/08\/Penalex_2021-016_pp-carre-1536x1536.jpg 1536w, https:\/\/penalex.ch\/wp-content\/uploads\/2021\/08\/Penalex_2021-016_pp-carre-2048x2048.jpg 2048w, https:\/\/penalex.ch\/wp-content\/uploads\/2021\/08\/Penalex_2021-016_pp-carre-36x36.jpg 36w, https:\/\/penalex.ch\/wp-content\/uploads\/2021\/08\/Penalex_2021-016_pp-carre-180x180.jpg 180w, https:\/\/penalex.ch\/wp-content\/uploads\/2021\/08\/Penalex_2021-016_pp-carre-1500x1500.jpg 1500w, https:\/\/penalex.ch\/wp-content\/uploads\/2021\/08\/Penalex_2021-016_pp-carre-705x705.jpg 705w\" sizes=\"auto, (max-width: 2560px) 100vw, 2560px\" \/>\t\t\t\t\t\t\t\t\t\t\t<\/div>\n\t\t\t\t\t<\/div>\n\n\t\t<div class=\"box-text text-center\" >\n\t\t\t<div class=\"box-text-inner\">\n\t\t\t\t\n\n<h4><strong>Me Marc Silvant<\/strong><br>Trainee lawyer<\/h4>\n\n\t\t\t<\/div>\n\t\t<\/div>\n\t<\/div>\n\t\n\n  \n    <div class=\"row large-columns-3 medium-columns- small-columns-3 row-small\" >\n  <div class=\"gallery-col col\" >\n          <div class=\"col-inner\">\n            <a class=\"image-lightbox lightbox-gallery\" href=\"https:\/\/penalex.ch\/wp-content\/uploads\/2021\/08\/Penalex_2021-016_pp-carre-1030x1030.jpg\" title=\"\">            <div class=\"box has-hover gallery-box box-overlay dark\">\n              <div class=\"box-image\" >\n                <img loading=\"lazy\" decoding=\"async\" width=\"300\" height=\"300\" src=\"https:\/\/penalex.ch\/wp-content\/uploads\/2021\/08\/Penalex_2021-016_pp-carre-300x300.jpg\" class=\"attachment-medium size-medium\" alt=\"\" ids=\"13201\" col_spacing=\"small\" columns=\"3\" columns__sm=\"3\" srcset=\"https:\/\/penalex.ch\/wp-content\/uploads\/2021\/08\/Penalex_2021-016_pp-carre-300x300.jpg 300w, https:\/\/penalex.ch\/wp-content\/uploads\/2021\/08\/Penalex_2021-016_pp-carre-scaled-100x100.jpg 100w, https:\/\/penalex.ch\/wp-content\/uploads\/2021\/08\/Penalex_2021-016_pp-carre-scaled-510x510.jpg 510w, https:\/\/penalex.ch\/wp-content\/uploads\/2021\/08\/Penalex_2021-016_pp-carre-1030x1030.jpg 1030w, https:\/\/penalex.ch\/wp-content\/uploads\/2021\/08\/Penalex_2021-016_pp-carre-80x80.jpg 80w, https:\/\/penalex.ch\/wp-content\/uploads\/2021\/08\/Penalex_2021-016_pp-carre-768x768.jpg 768w, https:\/\/penalex.ch\/wp-content\/uploads\/2021\/08\/Penalex_2021-016_pp-carre-1536x1536.jpg 1536w, https:\/\/penalex.ch\/wp-content\/uploads\/2021\/08\/Penalex_2021-016_pp-carre-2048x2048.jpg 2048w, https:\/\/penalex.ch\/wp-content\/uploads\/2021\/08\/Penalex_2021-016_pp-carre-36x36.jpg 36w, https:\/\/penalex.ch\/wp-content\/uploads\/2021\/08\/Penalex_2021-016_pp-carre-180x180.jpg 180w, https:\/\/penalex.ch\/wp-content\/uploads\/2021\/08\/Penalex_2021-016_pp-carre-1500x1500.jpg 1500w, https:\/\/penalex.ch\/wp-content\/uploads\/2021\/08\/Penalex_2021-016_pp-carre-705x705.jpg 705w\" sizes=\"auto, (max-width: 300px) 100vw, 300px\" \/>                                  <div class=\"overlay fill\"\n                      style=\"background-color: rgba(0,0,0,.15)\">\n                  <\/div>\n                                                              <\/div>\n              <div class=\"box-text text-left\" >\n                 <p><\/p>\n              <\/div>\n            <\/div>\n            <\/a>          <\/div>\n         <\/div><\/div>\n\n<section class=\"av_textblock_section \">\n<div class=\"avia_textblock \">\n<p><strong>Languages:<\/strong><br>French, English, German<\/p>\n<\/div>\n<\/section>\n<div class=\"social-icons follow-icons\" ><a href=\"mailto:silvant@penalex.ch\" data-label=\"E-mail\" target=\"_blank\" class=\"icon button circle is-outline tooltip email\" title=\"Send us an email\" aria-label=\"Send us an email\" rel=\"nofollow noopener\"><i class=\"icon-envelop\" aria-hidden=\"true\"><\/i><\/a><a href=\"tel:+41219253090\" data-label=\"Phone\" target=\"_blank\" class=\"icon button circle is-outline tooltip phone\" title=\"Call us\" aria-label=\"Call us\" rel=\"nofollow noopener\"><i class=\"icon-phone\" aria-hidden=\"true\"><\/i><\/a><\/div>\n\n\n\t\t<\/div>\n\t\t\t\t\n<style>\n#col-1015478069 > .col-inner {\n  padding: 20px 20px 20px 20px;\n}\n<\/style>\n\t<\/div>\n\n\t\n\n\t<div id=\"col-1038331928\" class=\"col medium-8 small-12 large-8\"  >\n\t\t\t\t<div class=\"col-inner\" style=\"background-color:rgb(248, 248, 248);\" >\n\t\t\t\n\t\t\t\n\n<p><strong>Trainee lawyer<\/strong><\/p>\n<div class=\"accordion\">\n\n\t<div id=\"accordion-3512292604\" class=\"accordion-item\">\n\t\t<a id=\"accordion-3512292604-label\" class=\"accordion-title plain\" href=\"#accordion-item-main-activities\" aria-expanded=\"false\" aria-controls=\"accordion-3512292604-content\">\n\t\t\t<button class=\"toggle\" aria-label=\"Toggle\"><i class=\"icon-angle-down\" aria-hidden=\"true\"><\/i><\/button>\n\t\t\t<span>Main activities<\/span>\n\t\t<\/a>\n\t\t<div id=\"accordion-3512292604-content\" class=\"accordion-inner\" aria-labelledby=\"accordion-3512292604-label\">\n\t\t\t\n\n<ul>\n<li>Collaboration in all areas<\/li>\n<\/ul>\n\n\t\t<\/div>\n\t<\/div>\n\t\n\t<div id=\"accordion-597399974\" class=\"accordion-item\">\n\t\t<a id=\"accordion-597399974-label\" class=\"accordion-title plain\" href=\"#accordion-item-training\" aria-expanded=\"false\" aria-controls=\"accordion-597399974-content\">\n\t\t\t<button class=\"toggle\" aria-label=\"Toggle\"><i class=\"icon-angle-down\" aria-hidden=\"true\"><\/i><\/button>\n\t\t\t<span>Training<\/span>\n\t\t<\/a>\n\t\t<div id=\"accordion-597399974-content\" class=\"accordion-inner\" aria-labelledby=\"accordion-597399974-label\">\n\t\t\t\n\n<ul>\n<li><strong>Master of Laws in Criminal Sciences, with a major in magistrature<\/strong>, <em>magna cum laude<\/em>, University of Lausanne, 2021<\/li>\n<li><strong>Master of Laws<\/strong>, exchange semester (SEMP), Freie Universit\u00e4t Berlin, 2019<\/li>\n<li><strong>Bachelor of Law<\/strong>, University of Neuch\u00e2tel, 2017<\/li>\n<\/ul>\n\n\t\t<\/div>\n\t<\/div>\n\t\n\t<div id=\"accordion-4217924490\" class=\"accordion-item\">\n\t\t<a id=\"accordion-4217924490-label\" class=\"accordion-title plain\" href=\"#accordion-item-professional-experience\" aria-expanded=\"false\" aria-controls=\"accordion-4217924490-content\">\n\t\t\t<button class=\"toggle\" aria-label=\"Toggle\"><i class=\"icon-angle-down\" aria-hidden=\"true\"><\/i><\/button>\n\t\t\t<span>Professional experience<\/span>\n\t\t<\/a>\n\t\t<div id=\"accordion-4217924490-content\" class=\"accordion-inner\" aria-labelledby=\"accordion-4217924490-label\">\n\t\t\t\n\n<ul>\n<li><strong>Trainee lawyer,<\/strong> Penalex Avocats SA in Vevey, since August 1st 2021<\/li>\n<li><strong>Trainee lawyer,<\/strong> Child and Adult Protection Authority in Del\u00e9mont, 2021<\/li>\n<li><strong>Trainee lawyer,<\/strong> Public Ministry in Porrentruy, 2021<\/li>\n<li><strong>Trainee lawyer,<\/strong> Court of First Instance in Porrentruy, 2020<\/li>\n<li><strong>Intern<\/strong>, Public Prosecutor&#8217;s Office of the North Vaud region in Yverdon-les-Bains, 2018<\/li>\n<\/ul>\n\n\t\t<\/div>\n\t<\/div>\n\t\n\t<div id=\"accordion-2132244142\" class=\"accordion-item\">\n\t\t<a id=\"accordion-2132244142-label\" class=\"accordion-title plain\" href=\"#accordion-item-publications\" aria-expanded=\"false\" aria-controls=\"accordion-2132244142-content\">\n\t\t\t<button class=\"toggle\" aria-label=\"Toggle\"><i class=\"icon-angle-down\" aria-hidden=\"true\"><\/i><\/button>\n\t\t\t<span>Publications<\/span>\n\t\t<\/a>\n\t\t<div id=\"accordion-2132244142-content\" class=\"accordion-inner\" aria-labelledby=\"accordion-2132244142-label\">\n\t\t\t\n\n<p style=\"font-weight: 400;\"><strong>La responsabilit\u00e9 p\u00e9nale des entreprises dans la commission des infractions environnementales<\/strong>, <em>in <\/em>Droit p\u00e9nal de l&#8217;environnement : Quelle cons\u00e9cration, Anne-Christine Favre\/Anne-Christine Fornage\/Lo\u00efc Parein (\u00e9dit.), Helbing Lichtenhahn, B\u00e2le 2022, pp 293-336<\/p>\n\n\t\t<\/div>\n\t<\/div>\n\t\n\t<div id=\"accordion-3316167124\" class=\"accordion-item\">\n\t\t<a id=\"accordion-3316167124-label\" class=\"accordion-title plain\" href=\"#accordion-item-affiliations\" aria-expanded=\"false\" aria-controls=\"accordion-3316167124-content\">\n\t\t\t<button class=\"toggle\" aria-label=\"Toggle\"><i class=\"icon-angle-down\" aria-hidden=\"true\"><\/i><\/button>\n\t\t\t<span>Affiliations<\/span>\n\t\t<\/a>\n\t\t<div id=\"accordion-3316167124-content\" class=\"accordion-inner\" aria-labelledby=\"accordion-3316167124-label\">\n\t\t\t\n\n<ul>\n<li>Cantonal Registry of Trainee Lawyers<\/li>\n<li>Young Bar Association of Vaud<\/li>\n<\/ul>\n\n\t\t<\/div>\n\t<\/div>\n\t\n\n<\/div>\n\n\t\t<\/div>\n\t\t\t\t\n<style>\n#col-1038331928 > .col-inner {\n  padding: 20px 20px 20px 20px;\n}\n<\/style>\n\t<\/div>\n\n\t\n\n<\/div>\n\n\t\t<\/div>\n\n\t\t\n<style>\n#section_1644307078 {\n  padding-top: 30px;\n  padding-bottom: 30px;\n}\n<\/style>\n\t<\/section>\n\t\n\n","protected":false},"excerpt":{"rendered":"","protected":false},"author":13,"featured_media":0,"parent":17008,"menu_order":0,"comment_status":"closed","ping_status":"closed","template":"page-blank.php","meta":{"inline_featured_image":false,"footnotes":""},"class_list":["post-17188","page","type-page","status-publish","hentry"],"_links":{"self":[{"href":"https:\/\/penalex.ch\/en\/wp-json\/wp\/v2\/pages\/17188","targetHints":{"allow":["GET"]}}],"collection":[{"href":"https:\/\/penalex.ch\/en\/wp-json\/wp\/v2\/pages"}],"about":[{"href":"https:\/\/penalex.ch\/en\/wp-json\/wp\/v2\/types\/page"}],"author":[{"embeddable":true,"href":"https:\/\/penalex.ch\/en\/wp-json\/wp\/v2\/users\/13"}],"replies":[{"embeddable":true,"href":"https:\/\/penalex.ch\/en\/wp-json\/wp\/v2\/comments?post=17188"}],"version-history":[{"count":0,"href":"https:\/\/penalex.ch\/en\/wp-json\/wp\/v2\/pages\/17188\/revisions"}],"up":[{"embeddable":true,"href":"https:\/\/penalex.ch\/en\/wp-json\/wp\/v2\/pages\/17008"}],"wp:attachment":[{"href":"https:\/\/penalex.ch\/en\/wp-json\/wp\/v2\/media?parent=17188"}],"curies":[{"name":"wp","href":"https:\/\/api.w.org\/{rel}","templated":true}]}}