{"id":17002,"date":"2021-12-20T01:25:15","date_gmt":"2021-12-20T00:25:15","guid":{"rendered":"https:\/\/penalex.kinsta.cloud\/me-emmeline-filliez-bonnard\/"},"modified":"2026-03-24T22:09:33","modified_gmt":"2026-03-24T21:09:33","slug":"me-emmeline-filliez-bonnard","status":"publish","type":"page","link":"https:\/\/penalex.ch\/en\/team\/me-emmeline-filliez-bonnard\/","title":{"rendered":"Me Emmeline Filliez-Bonnard"},"content":{"rendered":"\n  <div id=\"page-header-993219485\" class=\"page-header-wrapper\">\n  <div class=\"page-title dark featured-title\">\n\n    \n    <div class=\"page-title-inner container align-center flex-row medium-flex-wrap\" >\n              <div class=\"title-wrapper flex-col text-left medium-text-center\">\n          <h1 class=\"entry-title mb-0\">\n            Me Emmeline Filliez-Bonnard          <\/h1>\n        <\/div>\n                    <div class=\"title-content flex-col flex-right text-right medium-text-center\">\n        <div class=\"title-share pt-half pb-half\"><div class=\"social-icons share-icons share-row relative icon-style-outline\" ><a href=\"whatsapp:\/\/send?text=Me%20Emmeline%20Filliez-Bonnard - https:\/\/penalex.ch\/en\/team\/me-emmeline-filliez-bonnard\/\" data-action=\"share\/whatsapp\/share\" class=\"icon button circle is-outline tooltip whatsapp show-for-medium\" title=\"Share on WhatsApp\" aria-label=\"Share on WhatsApp\"><i class=\"icon-whatsapp\" aria-hidden=\"true\"><\/i><\/a><a href=\"https:\/\/www.facebook.com\/sharer.php?u=https:\/\/penalex.ch\/en\/team\/me-emmeline-filliez-bonnard\/\" data-label=\"Facebook\" onclick=\"window.open(this.href,this.title,'width=500,height=500,top=300px,left=300px'); return false;\" target=\"_blank\" class=\"icon button circle is-outline tooltip facebook\" title=\"Share on Facebook\" aria-label=\"Share on Facebook\" rel=\"noopener nofollow\"><i class=\"icon-facebook\" aria-hidden=\"true\"><\/i><\/a><a href=\"https:\/\/twitter.com\/share?url=https:\/\/penalex.ch\/en\/team\/me-emmeline-filliez-bonnard\/\" onclick=\"window.open(this.href,this.title,'width=500,height=500,top=300px,left=300px'); return false;\" target=\"_blank\" class=\"icon button circle is-outline tooltip twitter\" title=\"Share on Twitter\" aria-label=\"Share on Twitter\" rel=\"noopener nofollow\"><i class=\"icon-twitter\" aria-hidden=\"true\"><\/i><\/a><a href=\"mailto:?subject=Me%20Emmeline%20Filliez-Bonnard&body=Check%20this%20out%3A%20https%3A%2F%2Fpenalex.ch%2Fen%2Fteam%2Fme-emmeline-filliez-bonnard%2F\" class=\"icon button circle is-outline tooltip email\" title=\"Email to a Friend\" aria-label=\"Email to a Friend\" rel=\"nofollow\"><i class=\"icon-envelop\" aria-hidden=\"true\"><\/i><\/a><a href=\"https:\/\/www.linkedin.com\/shareArticle?mini=true&url=https:\/\/penalex.ch\/en\/team\/me-emmeline-filliez-bonnard\/&title=Me%20Emmeline%20Filliez-Bonnard\" onclick=\"window.open(this.href,this.title,'width=500,height=500,top=300px,left=300px'); return false;\" target=\"_blank\" class=\"icon button circle is-outline tooltip linkedin\" title=\"Share on LinkedIn\" aria-label=\"Share on LinkedIn\" rel=\"noopener nofollow\"><i class=\"icon-linkedin\" aria-hidden=\"true\"><\/i><\/a><a href=\"https:\/\/telegram.me\/share\/url?url=https:\/\/penalex.ch\/en\/team\/me-emmeline-filliez-bonnard\/\" onclick=\"window.open(this.href,this.title,'width=500,height=500,top=300px,left=300px'); return false;\" target=\"_blank\" class=\"icon button circle is-outline tooltip telegram\" title=\"Share on Telegram\" aria-label=\"Share on Telegram\" rel=\"noopener nofollow\"><i class=\"icon-telegram\" aria-hidden=\"true\"><\/i><\/a><\/div><\/div>      <\/div>\n    <\/div>\n\n       <\/div>\n    <\/div>\n  \n\n\n\t<section class=\"section\" id=\"section_911888183\">\n\t\t<div class=\"section-bg fill\" >\n\t\t\t\t\t\t\t\t\t\n\t\t\t\n\n\t\t<\/div>\n\n\t\t\n\n\t\t<div class=\"section-content relative\">\n\t\t\t\n\n<div class=\"row\"  id=\"row-2004985747\">\n\n\n\t<div id=\"col-775201520\" class=\"col medium-4 small-12 large-4\"  >\n\t\t\t\t<div class=\"col-inner\" style=\"background-color:rgb(248, 248, 248);\" >\n\t\t\t\n\t\t\t\n\n\t<div class=\"box has-hover   has-hover box-text-bottom\" >\n\n\t\t<div class=\"box-image\" >\n\t\t\t\t\t\t<div class=\"\" >\n\t\t\t\t<img loading=\"lazy\" decoding=\"async\" width=\"2560\" height=\"2560\" src=\"https:\/\/penalex.ch\/wp-content\/uploads\/2020\/08\/Etude_Tirelli_2020-156okcarre-1-scaled.jpg\" class=\"attachment- size-\" alt=\"\" srcset=\"https:\/\/penalex.ch\/wp-content\/uploads\/2020\/08\/Etude_Tirelli_2020-156okcarre-1-scaled.jpg 2560w, https:\/\/penalex.ch\/wp-content\/uploads\/2020\/08\/Etude_Tirelli_2020-156okcarre-1-scaled-100x100.jpg 100w, https:\/\/penalex.ch\/wp-content\/uploads\/2020\/08\/Etude_Tirelli_2020-156okcarre-1-scaled-510x510.jpg 510w, https:\/\/penalex.ch\/wp-content\/uploads\/2020\/08\/Etude_Tirelli_2020-156okcarre-1-300x300.jpg 300w, https:\/\/penalex.ch\/wp-content\/uploads\/2020\/08\/Etude_Tirelli_2020-156okcarre-1-1030x1030.jpg 1030w, https:\/\/penalex.ch\/wp-content\/uploads\/2020\/08\/Etude_Tirelli_2020-156okcarre-1-80x80.jpg 80w, https:\/\/penalex.ch\/wp-content\/uploads\/2020\/08\/Etude_Tirelli_2020-156okcarre-1-768x768.jpg 768w, https:\/\/penalex.ch\/wp-content\/uploads\/2020\/08\/Etude_Tirelli_2020-156okcarre-1-1536x1536.jpg 1536w, https:\/\/penalex.ch\/wp-content\/uploads\/2020\/08\/Etude_Tirelli_2020-156okcarre-1-2048x2048.jpg 2048w, https:\/\/penalex.ch\/wp-content\/uploads\/2020\/08\/Etude_Tirelli_2020-156okcarre-1-36x36.jpg 36w, https:\/\/penalex.ch\/wp-content\/uploads\/2020\/08\/Etude_Tirelli_2020-156okcarre-1-180x180.jpg 180w, https:\/\/penalex.ch\/wp-content\/uploads\/2020\/08\/Etude_Tirelli_2020-156okcarre-1-1500x1500.jpg 1500w, https:\/\/penalex.ch\/wp-content\/uploads\/2020\/08\/Etude_Tirelli_2020-156okcarre-1-705x705.jpg 705w\" sizes=\"auto, (max-width: 2560px) 100vw, 2560px\" \/>\t\t\t\t\t\t\t\t\t\t\t<\/div>\n\t\t\t\t\t<\/div>\n\n\t\t<div class=\"box-text text-center\" >\n\t\t\t<div class=\"box-text-inner\">\n\t\t\t\t\n\n<h5><strong>Me Emmeline Filliez-Bonnard<\/strong><\/h5>\n<h5>Specialist lawyer FSA in criminal law<\/h5>\n\n\t\t\t<\/div>\n\t\t<\/div>\n\t<\/div>\n\t\n\n  \n    <div class=\"row large-columns-3 medium-columns- small-columns-3 row-small\" >\n  <div class=\"gallery-col col\" >\n          <div class=\"col-inner\">\n            <a class=\"image-lightbox lightbox-gallery\" href=\"https:\/\/penalex.ch\/wp-content\/uploads\/2020\/08\/Etude_Tirelli_2020-170okcarre-1030x1030.jpg\" title=\"\">            <div class=\"box has-hover gallery-box box-overlay dark\">\n              <div class=\"box-image\" >\n                <img loading=\"lazy\" decoding=\"async\" width=\"300\" height=\"300\" src=\"https:\/\/penalex.ch\/wp-content\/uploads\/2020\/08\/Etude_Tirelli_2020-170okcarre-300x300.jpg\" class=\"attachment-medium size-medium\" alt=\"\" ids=\"16699,16698\" col_spacing=\"small\" columns=\"3\" columns__sm=\"3\" srcset=\"https:\/\/penalex.ch\/wp-content\/uploads\/2020\/08\/Etude_Tirelli_2020-170okcarre-300x300.jpg 300w, https:\/\/penalex.ch\/wp-content\/uploads\/2020\/08\/Etude_Tirelli_2020-170okcarre-scaled-100x100.jpg 100w, https:\/\/penalex.ch\/wp-content\/uploads\/2020\/08\/Etude_Tirelli_2020-170okcarre-scaled-510x510.jpg 510w, https:\/\/penalex.ch\/wp-content\/uploads\/2020\/08\/Etude_Tirelli_2020-170okcarre-1030x1030.jpg 1030w, https:\/\/penalex.ch\/wp-content\/uploads\/2020\/08\/Etude_Tirelli_2020-170okcarre-80x80.jpg 80w, https:\/\/penalex.ch\/wp-content\/uploads\/2020\/08\/Etude_Tirelli_2020-170okcarre-768x768.jpg 768w, https:\/\/penalex.ch\/wp-content\/uploads\/2020\/08\/Etude_Tirelli_2020-170okcarre-1536x1536.jpg 1536w, https:\/\/penalex.ch\/wp-content\/uploads\/2020\/08\/Etude_Tirelli_2020-170okcarre-2048x2048.jpg 2048w, https:\/\/penalex.ch\/wp-content\/uploads\/2020\/08\/Etude_Tirelli_2020-170okcarre-36x36.jpg 36w, https:\/\/penalex.ch\/wp-content\/uploads\/2020\/08\/Etude_Tirelli_2020-170okcarre-180x180.jpg 180w, https:\/\/penalex.ch\/wp-content\/uploads\/2020\/08\/Etude_Tirelli_2020-170okcarre-1500x1500.jpg 1500w, https:\/\/penalex.ch\/wp-content\/uploads\/2020\/08\/Etude_Tirelli_2020-170okcarre-705x705.jpg 705w\" sizes=\"auto, (max-width: 300px) 100vw, 300px\" \/>                                  <div class=\"overlay fill\"\n                      style=\"background-color: rgba(0,0,0,.15)\">\n                  <\/div>\n                                                              <\/div>\n              <div class=\"box-text text-left\" >\n                 <p><\/p>\n              <\/div>\n            <\/div>\n            <\/a>          <\/div>\n         <\/div><div class=\"gallery-col col\" >\n          <div class=\"col-inner\">\n            <a class=\"image-lightbox lightbox-gallery\" href=\"https:\/\/penalex.ch\/wp-content\/uploads\/2020\/08\/Etude_Tirelli_2020-156okcarre-1-1030x1030.jpg\" title=\"\">            <div class=\"box has-hover gallery-box box-overlay dark\">\n              <div class=\"box-image\" >\n                <img loading=\"lazy\" decoding=\"async\" width=\"300\" height=\"300\" src=\"https:\/\/penalex.ch\/wp-content\/uploads\/2020\/08\/Etude_Tirelli_2020-156okcarre-1-300x300.jpg\" class=\"attachment-medium size-medium\" alt=\"\" ids=\"16699,16698\" col_spacing=\"small\" columns=\"3\" columns__sm=\"3\" srcset=\"https:\/\/penalex.ch\/wp-content\/uploads\/2020\/08\/Etude_Tirelli_2020-156okcarre-1-300x300.jpg 300w, https:\/\/penalex.ch\/wp-content\/uploads\/2020\/08\/Etude_Tirelli_2020-156okcarre-1-scaled-100x100.jpg 100w, https:\/\/penalex.ch\/wp-content\/uploads\/2020\/08\/Etude_Tirelli_2020-156okcarre-1-scaled-510x510.jpg 510w, https:\/\/penalex.ch\/wp-content\/uploads\/2020\/08\/Etude_Tirelli_2020-156okcarre-1-1030x1030.jpg 1030w, https:\/\/penalex.ch\/wp-content\/uploads\/2020\/08\/Etude_Tirelli_2020-156okcarre-1-80x80.jpg 80w, https:\/\/penalex.ch\/wp-content\/uploads\/2020\/08\/Etude_Tirelli_2020-156okcarre-1-768x768.jpg 768w, https:\/\/penalex.ch\/wp-content\/uploads\/2020\/08\/Etude_Tirelli_2020-156okcarre-1-1536x1536.jpg 1536w, https:\/\/penalex.ch\/wp-content\/uploads\/2020\/08\/Etude_Tirelli_2020-156okcarre-1-2048x2048.jpg 2048w, https:\/\/penalex.ch\/wp-content\/uploads\/2020\/08\/Etude_Tirelli_2020-156okcarre-1-36x36.jpg 36w, https:\/\/penalex.ch\/wp-content\/uploads\/2020\/08\/Etude_Tirelli_2020-156okcarre-1-180x180.jpg 180w, https:\/\/penalex.ch\/wp-content\/uploads\/2020\/08\/Etude_Tirelli_2020-156okcarre-1-1500x1500.jpg 1500w, https:\/\/penalex.ch\/wp-content\/uploads\/2020\/08\/Etude_Tirelli_2020-156okcarre-1-705x705.jpg 705w\" sizes=\"auto, (max-width: 300px) 100vw, 300px\" \/>                                  <div class=\"overlay fill\"\n                      style=\"background-color: rgba(0,0,0,.15)\">\n                  <\/div>\n                                                              <\/div>\n              <div class=\"box-text text-left\" >\n                 <p><\/p>\n              <\/div>\n            <\/div>\n            <\/a>          <\/div>\n         <\/div><\/div>\n\n<section class=\"av_textblock_section \">\n<div class=\"avia_textblock \">\n<p><strong>Languages:<\/strong><br>French, English, German,&nbsp; Italian<\/p>\n<\/div>\n<\/section>\n<a href=\"https:\/\/penalex.ch\/en\/online-appointment\/book-an-interview-with-emmeline-bonnard\/\" class=\"button primary is-small\" style=\"border-radius:99px;\">\n\t\t<span>Make an appointment<\/span>\n\t<\/a>\n\n\n<div class=\"social-icons follow-icons\" ><a href=\"mailto:bonnard@penalex.ch\" data-label=\"E-mail\" target=\"_blank\" class=\"icon button circle is-outline tooltip email\" title=\"Send us an email\" aria-label=\"Send us an email\" rel=\"nofollow noopener\"><i class=\"icon-envelop\" aria-hidden=\"true\"><\/i><\/a><a href=\"tel:+41219253090\" data-label=\"Phone\" target=\"_blank\" class=\"icon button circle is-outline tooltip phone\" title=\"Call us\" aria-label=\"Call us\" rel=\"nofollow noopener\"><i class=\"icon-phone\" aria-hidden=\"true\"><\/i><\/a><a href=\"https:\/\/ch.linkedin.com\/in\/emmeline-filliez-bonnard-64818314\" data-label=\"LinkedIn\" target=\"_blank\" class=\"icon button circle is-outline tooltip linkedin\" title=\"Follow on LinkedIn\" aria-label=\"Follow on LinkedIn\" rel=\"noopener nofollow\"><i class=\"icon-linkedin\" aria-hidden=\"true\"><\/i><\/a><\/div>\n\n\n\t\t<\/div>\n\t\t\t\t\n<style>\n#col-775201520 > .col-inner {\n  padding: 20px 20px 20px 20px;\n}\n<\/style>\n\t<\/div>\n\n\t\n\n\t<div id=\"col-1866718834\" class=\"col medium-8 small-12 large-8\"  >\n\t\t\t\t<div class=\"col-inner\" style=\"background-color:rgb(248, 248, 248);\" >\n\t\t\t\n\t\t\t\n\n<p><strong>Specialist lawyer FSA in criminal law<\/strong><\/p>\n<p><strong>CAS for the Criminal Judiciary<\/strong><\/p>\n<div class=\"accordion\">\n\n\t<div id=\"accordion-1831317316\" class=\"accordion-item\">\n\t\t<a id=\"accordion-1831317316-label\" class=\"accordion-title plain active\" href=\"#accordion-item-main-activities\" aria-expanded=\"true\" aria-controls=\"accordion-1831317316-content\">\n\t\t\t<button class=\"toggle\" aria-label=\"Toggle\"><i class=\"icon-angle-down\" aria-hidden=\"true\"><\/i><\/button>\n\t\t\t<span>Main activities<\/span>\n\t\t<\/a>\n\t\t<div id=\"accordion-1831317316-content\" class=\"accordion-inner\" style=\"display: block;\" aria-labelledby=\"accordion-1831317316-label\">\n\t\t\t\n\n<ul>\n<li>General criminal law<\/li>\n<li>Criminal Procedure<\/li>\n<li>Economic criminal law<\/li>\n<li>Execution of sentences and measures<\/li>\n<li>Extradition<\/li>\n<li>Administrative criminal law<\/li>\n<li>Family law<\/li>\n<li>Contract law<\/li>\n<\/ul>\n\n\t\t<\/div>\n\t<\/div>\n\t\n\t<div id=\"accordion-72342229\" class=\"accordion-item\">\n\t\t<a id=\"accordion-72342229-label\" class=\"accordion-title plain\" href=\"#accordion-item-training\" aria-expanded=\"false\" aria-controls=\"accordion-72342229-content\">\n\t\t\t<button class=\"toggle\" aria-label=\"Toggle\"><i class=\"icon-angle-down\" aria-hidden=\"true\"><\/i><\/button>\n\t\t\t<span>Training<\/span>\n\t\t<\/a>\n\t\t<div id=\"accordion-72342229-content\" class=\"accordion-inner\" aria-labelledby=\"accordion-72342229-label\">\n\t\t\t\n\n<ul>\n<li><strong>Specialist lawyer FSA criminal law,<\/strong> Swiss Bar Association, Bern, 2019<\/li>\n<li><strong>CAS for the criminal justice<\/strong> system, University of Applied Sciences Western Switzerland (HES-SO), Del\u00e9mont \/ Neuch\u00e2tel, 2012<\/li>\n<li><strong>Lawyer&#8217;s certificate<\/strong>, Lausanne, 2011<\/li>\n<li><strong>Law degree<\/strong>, University of Lausanne, 2006<\/li>\n<\/ul>\n\n\t\t<\/div>\n\t<\/div>\n\t\n\t<div id=\"accordion-2551199255\" class=\"accordion-item\">\n\t\t<a id=\"accordion-2551199255-label\" class=\"accordion-title plain\" href=\"#accordion-item-professional-experience\" aria-expanded=\"false\" aria-controls=\"accordion-2551199255-content\">\n\t\t\t<button class=\"toggle\" aria-label=\"Toggle\"><i class=\"icon-angle-down\" aria-hidden=\"true\"><\/i><\/button>\n\t\t\t<span>Professional experience<\/span>\n\t\t<\/a>\n\t\t<div id=\"accordion-2551199255-content\" class=\"accordion-inner\" aria-labelledby=\"accordion-2551199255-label\">\n\t\t\t\n\n<ul>\n<li><strong>Founding partner<\/strong>, Penalex Avocats SA, since 2020<\/li>\n<li><strong>Associate and independent counsel<\/strong> at Bonnard Lawson, 2014-2020<\/li>\n<li><strong>Clerk<\/strong> to the Criminal Court of Appeal and the Criminal Appeals Chamber of the Cantonal Court of the Canton of Vaud, 2011-2014<\/li>\n<li><strong>Trainee lawyer<\/strong> at Bonnard Lawson, 2009-2011<\/li>\n<li><strong>Tax lawyer<\/strong> at Deloitte SA, 2007-2009<\/li>\n<\/ul>\n\n\t\t<\/div>\n\t<\/div>\n\t\n\t<div id=\"accordion-368547025\" class=\"accordion-item\">\n\t\t<a id=\"accordion-368547025-label\" class=\"accordion-title plain\" href=\"#accordion-item-publications\" aria-expanded=\"false\" aria-controls=\"accordion-368547025-content\">\n\t\t\t<button class=\"toggle\" aria-label=\"Toggle\"><i class=\"icon-angle-down\" aria-hidden=\"true\"><\/i><\/button>\n\t\t\t<span>Publications<\/span>\n\t\t<\/a>\n\t\t<div id=\"accordion-368547025-content\" class=\"accordion-inner\" aria-labelledby=\"accordion-368547025-label\">\n\t\t\t\n\n<ul>\n<li><strong>Commentary on article 159 of the Swiss Criminal Code <\/strong>(misappropriation of wage deductions), <em>in <\/em>Commentary on &#8220;Droit social p\u00e9nal&#8221;, 2026.<\/li>\n<li>\n<div><b>Commentary on the Federal Court ruling of February 13, 2023<\/b> &#8211; TF 6B_4443\/2021 &#8211; <i>in<\/i> Forumpoenale 6\/2023 p. 400.<\/div>\n<\/li>\n<li><strong>Commentary on the Judgment of the European Court of Human Rights, (Third Section) of January 19, 2021 in the case Lacatus against Switzerland<\/strong> &#8211; Application no. 14065\/15, <em>in<\/em> Forumpoenale 3\/2022 p. 185.<\/li>\n<li><strong>Nemo tenetur se ipsum accusare : what effectiveness in the age of new information and communication technologies ?<\/strong> L&#8217;exemple de la reconnaissance faciale, with Ludovic Tirelli, <em>in<\/em> Criminalit\u00e9 \u00e9conomique et Cybercriminalit\u00e9 : M\u00e9langes en l&#8217;honneur de la professeure Isabelle Augsburger-Bucheli, Helbing Lichtenhahn, B\u00e2le 2021<\/li>\n<li><strong>Les r\u00e9trocessions sous l&#8217;angle de la corruption priv\u00e9e<\/strong>, Emmeline Bonnard\/Miriam Mazou, <em>in<\/em> AJP\/PJA 2019, pp. 423-431<\/li>\n<li><strong>Les obligations de l&#8217;avocat en mati\u00e8re de r\u00e9trocessions<\/strong>, Emmeline Bonnard\/Miriam Mazou, <em>in<\/em> Plaidoyer 2\/2019, pp. 34 to 37<\/li>\n<li><strong>Les degr\u00e9s de r\u00e9alisation de l&#8217;infraction dans la nouvelle partie g\u00e9n\u00e9rale du Code p\u00e9nal<\/strong>, <em>in <\/em>La nouvelle partie g\u00e9n\u00e9rale du Code p\u00e9nal, Berne 2006<\/li>\n<\/ul>\n\n\t\t<\/div>\n\t<\/div>\n\t\n\t<div id=\"accordion-533867347\" class=\"accordion-item\">\n\t\t<a id=\"accordion-533867347-label\" class=\"accordion-title plain\" href=\"#accordion-item-academic-activities\" aria-expanded=\"false\" aria-controls=\"accordion-533867347-content\">\n\t\t\t<button class=\"toggle\" aria-label=\"Toggle\"><i class=\"icon-angle-down\" aria-hidden=\"true\"><\/i><\/button>\n\t\t\t<span>Academic activities<\/span>\n\t\t<\/a>\n\t\t<div id=\"accordion-533867347-content\" class=\"accordion-inner\" aria-labelledby=\"accordion-533867347-label\">\n\t\t\t\n\n<ul>\n<li>Lecturer <strong>for the teaching of the jurisprudence module on economic criminal law<\/strong> at the University of Applied Sciences of Neuch\u00e2tel (HE-ARC), since 2020<\/li>\n<\/ul>\n\n\t\t<\/div>\n\t<\/div>\n\t\n\t<div id=\"accordion-2572902307\" class=\"accordion-item\">\n\t\t<a id=\"accordion-2572902307-label\" class=\"accordion-title plain\" href=\"#accordion-item-conferences\" aria-expanded=\"false\" aria-controls=\"accordion-2572902307-content\">\n\t\t\t<button class=\"toggle\" aria-label=\"Toggle\"><i class=\"icon-angle-down\" aria-hidden=\"true\"><\/i><\/button>\n\t\t\t<span>Conferences<\/span>\n\t\t<\/a>\n\t\t<div id=\"accordion-2572902307-content\" class=\"accordion-inner\" aria-labelledby=\"accordion-2572902307-label\">\n\t\t\t\n\n<ul>\n<li><strong>Do&#8217;s and Don&#8217;ts of criminal defense &#8211; art. 331 CPP<\/strong>, presentation at the Criminal Law Training Day organized by ALBA, Lausanne, August 28, 2025.<\/li>\n<li><strong>Tips and tricks of the criminal lawyer<\/strong>, with Me Ludovic Tirelli, presentation as part of the FSA specialist training course in criminal law 2024\/2025, April 11, 2025.<\/li>\n<li><strong>Right to legal counsel<\/strong>, presentation as part of the FSA specialist training course in criminal law 2024\/2025, November 16, 2024.<\/li>\n<li><strong>La d\u00e9fense obligatoire et facultative<\/strong>, presentation at the JBVD continuing education seminar, Lausanne, May 11, 2023.<\/li>\n<li><strong>Le point sur la partie g\u00e9n\u00e9rale du code p\u00e9nal<\/strong>, presentation at the seminar &#8220;Questions choisies en droit p\u00e9nal et administratif&#8221;, continuing education seminar of the Ordre des avocats vaudois (OAV), University of Lausanne, 3 February 2023.<\/li>\n<li><strong>Tips and tricks of the criminal lawyer<\/strong>, with Me Ludovic Tirelli, intervention within the framework of the FSA Specialist Lawyer Training in Criminal Law 2021\/2022, April 1, 2022<\/li>\n<li><strong>Right to legal counsel<\/strong>, intervention in the FSA Specialist Lawyer Training in Criminal Law 2021\/2022, December 4, 2021<\/li>\n<\/ul>\n\n\t\t<\/div>\n\t<\/div>\n\t\n\t<div id=\"accordion-1518897757\" class=\"accordion-item\">\n\t\t<a id=\"accordion-1518897757-label\" class=\"accordion-title plain\" href=\"#accordion-item-affiliations\" aria-expanded=\"false\" aria-controls=\"accordion-1518897757-content\">\n\t\t\t<button class=\"toggle\" aria-label=\"Toggle\"><i class=\"icon-angle-down\" aria-hidden=\"true\"><\/i><\/button>\n\t\t\t<span>Affiliations<\/span>\n\t\t<\/a>\n\t\t<div id=\"accordion-1518897757-content\" class=\"accordion-inner\" aria-labelledby=\"accordion-1518897757-label\">\n\t\t\t\n\n<ul>\n<li>Vaud Bar Association<\/li>\n<li>Swiss Federation of Lawyers<\/li>\n<li>Swiss Society of Criminal Law<\/li>\n<li>Swiss Society for Juvenile Criminal Law<\/li>\n<li>Association of French-speaking specialists in criminal law (President)<\/li>\n<\/ul>\n\n\t\t<\/div>\n\t<\/div>\n\t\n\n<\/div>\n\n\t\t<\/div>\n\t\t\t\t\n<style>\n#col-1866718834 > .col-inner {\n  padding: 20px 20px 20px 20px;\n}\n<\/style>\n\t<\/div>\n\n\t\n\n<\/div>\n<div class=\"row\"  id=\"row-1875468287\">\n\n\n\t<div id=\"col-412607901\" class=\"col small-12 large-12\"  >\n\t\t\t\t<div class=\"col-inner\"  >\n\t\t\t\n\t\t\t\n\n<span class=\"scroll-to\" data-label=\"Scroll to: #booking\" data-bullet=\"true\" data-link=\"#booking\" data-title=\"Booking\"><a name=\"booking\"><\/a><\/span>\n\n<h4><strong>Emmeline Filliez-Bonnard<\/strong><br>FSA specialist in criminal law<\/h4>\n<!--\nPlugin Name: Bookly - Responsive WordPress Appointment Booking and Scheduling Plugin\nPlugin URI: https:\/\/www.booking-wp-plugin.com\/?utm_source=bookly_admin&utm_medium=plugins_page&utm_campaign=plugins_page\nVersion: 27.2-->\n<style type=\"text\/css\">\n    :root {\n        --bookly-main-color: #bd4f5c !important;\n        --bookly-color: #bd4f5c !important;\n    }\n\n    <\/style><div class=\"bookly-css-root\">\n    <div id=\"bookly-form-container-69dc43ef488e3\" class=\"bookly-form\" data-form_id=\"\" aria-live=\"polite\">\n        <div style=\"text-align: center\"><img decoding=\"async\" src=\"https:\/\/penalex.ch\/wp-includes\/js\/tinymce\/skins\/lightgray\/img\/loader.gif\" alt=\"Loading...\"\/><\/div>\n    <\/div>\n<\/div>\n    <div class=\"powered-by-bookly\">Powered by        <a href=\"https:\/\/www.booking-wp-plugin.com\/?utm_source=referral&amp;utm_medium=booking_widget\" target=\"_blank\" rel=\"noopener\">Bookly<\/a> \u2014\n        <a href=\"https:\/\/www.booking-wp-plugin.com\/?utm_source=referral&amp;utm_medium=booking_widget\" target=\"_blank\" rel=\"noopener\">WordPress Booking Plugin<\/a>\n    <\/div>\n<script type=\"text\/javascript\">\n    (function (win, fn) {\n        var done = false, top = true,\n            doc = win.document,\n            root = doc.documentElement,\n            modern = doc.addEventListener,\n            add = modern ? 'addEventListener' : 'attachEvent',\n            rem = modern ? 'removeEventListener' : 'detachEvent',\n            pre = modern ? '' : 'on',\n            init = function (e) {\n                if (e.type == 'readystatechange') if (doc.readyState != 'complete') return;\n                (e.type == 'load' ? win : doc)[rem](pre + e.type, init, false);\n                if (!done) {\n                    done = true;\n                    fn.call(win, e.type || e);\n                }\n            },\n            poll = function () {\n                try {\n                    root.doScroll('left');\n                } catch (e) {\n                    setTimeout(poll, 50);\n                    return;\n                }\n                init('poll');\n            };\n        if (doc.readyState == 'complete') fn.call(win, 'lazy');\n        else {\n            if (!modern) if (root.doScroll) {\n                try {\n                    top = !win.frameElement;\n                } catch (e) {\n                }\n                if (top) poll();\n            }\n            doc[add](pre + 'DOMContentLoaded', init, false);\n            doc[add](pre + 'readystatechange', init, false);\n            win[add](pre + 'load', init, false);\n        }\n    })(window, function () {\n        window.bookly( {\"form_id\":\"69dc43ef488e3\",\"form_data\":{\"skip_service_step\":0,\"hide_service_part1\":0,\"hide_service_part2\":1,\"defaults\":{\"service_id\":0,\"staff_id\":9,\"location_id\":0,\"category_id\":0,\"units\":0,\"date_from\":0,\"time_from\":0,\"time_to\":0}},\"status\":{\"booking\":\"new\"},\"form_token\":null,\"skip_steps\":{\"service_part1\":0,\"service_part2\":1,\"extras\":1,\"time\":0,\"repeat\":1,\"cart\":1},\"errors\":{\"session_error\":\"Session error.\",\"form_id_error\":\"Form ID error.\",\"cart_item_not_available\":\"La case s\\u00e9lectionn\\u00e9e n'est plus disponible. Merci d'en choisir une autre.\",\"pay_locally_not_available\":\"Pay locally is not available.\",\"invalid_gateway\":\"Invalid gateway.\",\"payment_error\":\"Error.\",\"incorrect_username_password\":\"Incorrect username or password.\"},\"form_attributes\":{\"hide_categories\":false,\"hide_services\":false,\"hide_staff_members\":true,\"show_number_of_persons\":false,\"hide_service_duration\":true,\"hide_locations\":true,\"hide_quantity\":true,\"hide_date\":true,\"hide_week_days\":true,\"hide_time_range\":true},\"use_client_time_zone\":1,\"defaults\":{\"service_id\":0,\"staff_id\":9,\"location_id\":0,\"category_id\":0},\"datepicker_mode\":\"text-accent\",\"facebook\":{\"enabled\":0,\"appId\":\"\"}} );\n    });\n<\/script>\n\n\t\t<\/div>\n\t\t\t\t\t<\/div>\n\n\t\n\n\n<style>\n#row-1875468287 > .col > .col-inner {\n  padding: 20px 20px 20px 20px;\n  background-color: rgb(248, 248, 248);\n}\n<\/style>\n<\/div>\n\n\t\t<\/div>\n\n\t\t\n<style>\n#section_911888183 {\n  padding-top: 30px;\n  padding-bottom: 30px;\n}\n<\/style>\n\t<\/section>\n\t\n\n","protected":false},"excerpt":{"rendered":"","protected":false},"author":13,"featured_media":0,"parent":17008,"menu_order":0,"comment_status":"closed","ping_status":"closed","template":"page-blank.php","meta":{"inline_featured_image":false,"footnotes":""},"class_list":["post-17002","page","type-page","status-publish","hentry"],"_links":{"self":[{"href":"https:\/\/penalex.ch\/en\/wp-json\/wp\/v2\/pages\/17002","targetHints":{"allow":["GET"]}}],"collection":[{"href":"https:\/\/penalex.ch\/en\/wp-json\/wp\/v2\/pages"}],"about":[{"href":"https:\/\/penalex.ch\/en\/wp-json\/wp\/v2\/types\/page"}],"author":[{"embeddable":true,"href":"https:\/\/penalex.ch\/en\/wp-json\/wp\/v2\/users\/13"}],"replies":[{"embeddable":true,"href":"https:\/\/penalex.ch\/en\/wp-json\/wp\/v2\/comments?post=17002"}],"version-history":[{"count":5,"href":"https:\/\/penalex.ch\/en\/wp-json\/wp\/v2\/pages\/17002\/revisions"}],"predecessor-version":[{"id":20229,"href":"https:\/\/penalex.ch\/en\/wp-json\/wp\/v2\/pages\/17002\/revisions\/20229"}],"up":[{"embeddable":true,"href":"https:\/\/penalex.ch\/en\/wp-json\/wp\/v2\/pages\/17008"}],"wp:attachment":[{"href":"https:\/\/penalex.ch\/en\/wp-json\/wp\/v2\/media?parent=17002"}],"curies":[{"name":"wp","href":"https:\/\/api.w.org\/{rel}","templated":true}]}}